{"id":8,"date":"2018-11-26T08:58:56","date_gmt":"2018-11-26T08:58:56","guid":{"rendered":"http:\/\/christinthassos.codibee.solutions\/location\/"},"modified":"2018-11-27T15:21:58","modified_gmt":"2018-11-27T15:21:58","slug":"about-thassos","status":"publish","type":"page","link":"https:\/\/www.christin.gr\/de\/about-thassos\/","title":{"rendered":"\u00dcber Thassos"},"content":{"rendered":"<p>Thassos, eine Insel mit reicher nat\u00fcrlichen Sch\u00f6nheit und kosmopolitischen Stil, befindet sich an der n\u00f6rdlichen Seite der \u00c4g\u00e4is. Die gr\u00fcne Landschaft, die exotische Str\u00e4nde, die traditionelle D\u00f6rfer in den Bergen und die sch\u00f6ne Bade\u00f6rte machen Thassos zu einem der beliebtesten Sommerreiseziele in Griechenland.<\/p>\n<p>Genie\u00dfen Sie die kleine Buchten mit dem blauen Wasser, gehen Sie in den Bergen wandern, probieren Sie frischen Fisch in den Tavernen neben dem Meer und bewundern Sie den Sonnenuntergang in einem Caf\u00e9 am Strand. Thassos ist der ideale Ort f\u00fcr jedes Alter und jeden Geschmack.<\/p>\n<p>Die beliebtesten Str\u00e4nde auf der Inseln sind Golden Beach, Paradise, Alyki und Potos. Lassen Sie nicht die traditionelle D\u00f6rfer von Theologos, Potamia, Panagia und Kazaviti aus, um ein gutes Bild von der antiken Thassos zu bekommen.<\/p>\n<p>&nbsp;<\/p>\n<p><br><br><div class=\"gallery clearfix\"><div class=\"grid-sizer\"><\/div><dl class=\"gallery-item\"><dt class=\"gallery-icon\"><a href=\"https:\/\/www.christin.gr\/wp-content\/uploads\/sites\/347\/2018\/11\/about-thassos-christin-apartments-sea-1024x683.jpg\"><img loading=\"lazy\" decoding=\"async\" width=\"320\" height=\"213\" src=\"https:\/\/www.christin.gr\/wp-content\/uploads\/sites\/347\/2018\/11\/about-thassos-christin-apartments-sea-320x213.jpg\" class=\"attachment-small-mobile size-small-mobile\" alt=\"\" srcset=\"https:\/\/www.christin.gr\/wp-content\/uploads\/sites\/347\/2018\/11\/about-thassos-christin-apartments-sea-320x213.jpg 320w, https:\/\/www.christin.gr\/wp-content\/uploads\/sites\/347\/2018\/11\/about-thassos-christin-apartments-sea-300x200.jpg 300w, https:\/\/www.christin.gr\/wp-content\/uploads\/sites\/347\/2018\/11\/about-thassos-christin-apartments-sea-1024x683.jpg 1024w, https:\/\/www.christin.gr\/wp-content\/uploads\/sites\/347\/2018\/11\/about-thassos-christin-apartments-sea-1280x853.jpg 1280w, https:\/\/www.christin.gr\/wp-content\/uploads\/sites\/347\/2018\/11\/about-thassos-christin-apartments-sea-680x453.jpg 680w, https:\/\/www.christin.gr\/wp-content\/uploads\/sites\/347\/2018\/11\/about-thassos-christin-apartments-sea-1920x1280.jpg 1920w\" sizes=\"auto, (max-width: 320px) 100vw, 320px\" \/><\/a><\/dt><\/dl><dl class=\"gallery-item\"><dt class=\"gallery-icon\"><a href=\"https:\/\/www.christin.gr\/wp-content\/uploads\/sites\/347\/2018\/11\/about-thassos-christin-apartments-potos-1024x683.jpg\"><img loading=\"lazy\" decoding=\"async\" width=\"320\" height=\"213\" src=\"https:\/\/www.christin.gr\/wp-content\/uploads\/sites\/347\/2018\/11\/about-thassos-christin-apartments-potos-320x213.jpg\" class=\"attachment-small-mobile size-small-mobile\" alt=\"\" srcset=\"https:\/\/www.christin.gr\/wp-content\/uploads\/sites\/347\/2018\/11\/about-thassos-christin-apartments-potos-320x213.jpg 320w, https:\/\/www.christin.gr\/wp-content\/uploads\/sites\/347\/2018\/11\/about-thassos-christin-apartments-potos-300x200.jpg 300w, https:\/\/www.christin.gr\/wp-content\/uploads\/sites\/347\/2018\/11\/about-thassos-christin-apartments-potos-1024x683.jpg 1024w, https:\/\/www.christin.gr\/wp-content\/uploads\/sites\/347\/2018\/11\/about-thassos-christin-apartments-potos-1280x853.jpg 1280w, https:\/\/www.christin.gr\/wp-content\/uploads\/sites\/347\/2018\/11\/about-thassos-christin-apartments-potos-680x453.jpg 680w, https:\/\/www.christin.gr\/wp-content\/uploads\/sites\/347\/2018\/11\/about-thassos-christin-apartments-potos-1920x1280.jpg 1920w\" sizes=\"auto, (max-width: 320px) 100vw, 320px\" \/><\/a><\/dt><\/dl><dl class=\"gallery-item\"><dt class=\"gallery-icon\"><a href=\"https:\/\/www.christin.gr\/wp-content\/uploads\/sites\/347\/2018\/11\/about-thassos-christin-apartments-view-1024x683.jpg\"><img loading=\"lazy\" decoding=\"async\" width=\"320\" height=\"213\" src=\"https:\/\/www.christin.gr\/wp-content\/uploads\/sites\/347\/2018\/11\/about-thassos-christin-apartments-view-320x213.jpg\" class=\"attachment-small-mobile size-small-mobile\" alt=\"\" srcset=\"https:\/\/www.christin.gr\/wp-content\/uploads\/sites\/347\/2018\/11\/about-thassos-christin-apartments-view-320x213.jpg 320w, https:\/\/www.christin.gr\/wp-content\/uploads\/sites\/347\/2018\/11\/about-thassos-christin-apartments-view-300x200.jpg 300w, https:\/\/www.christin.gr\/wp-content\/uploads\/sites\/347\/2018\/11\/about-thassos-christin-apartments-view-1024x683.jpg 1024w, https:\/\/www.christin.gr\/wp-content\/uploads\/sites\/347\/2018\/11\/about-thassos-christin-apartments-view-1280x853.jpg 1280w, https:\/\/www.christin.gr\/wp-content\/uploads\/sites\/347\/2018\/11\/about-thassos-christin-apartments-view-680x453.jpg 680w, https:\/\/www.christin.gr\/wp-content\/uploads\/sites\/347\/2018\/11\/about-thassos-christin-apartments-view-1920x1280.jpg 1920w\" sizes=\"auto, (max-width: 320px) 100vw, 320px\" \/><\/a><\/dt><\/dl><dl class=\"gallery-item\"><dt class=\"gallery-icon\"><a href=\"https:\/\/www.christin.gr\/wp-content\/uploads\/sites\/347\/2018\/11\/about-thassos-christin-apartments-sandy-beach-1024x683.jpg\"><img loading=\"lazy\" decoding=\"async\" width=\"320\" height=\"213\" src=\"https:\/\/www.christin.gr\/wp-content\/uploads\/sites\/347\/2018\/11\/about-thassos-christin-apartments-sandy-beach-320x213.jpg\" class=\"attachment-small-mobile size-small-mobile\" alt=\"\" srcset=\"https:\/\/www.christin.gr\/wp-content\/uploads\/sites\/347\/2018\/11\/about-thassos-christin-apartments-sandy-beach-320x213.jpg 320w, https:\/\/www.christin.gr\/wp-content\/uploads\/sites\/347\/2018\/11\/about-thassos-christin-apartments-sandy-beach-300x200.jpg 300w, https:\/\/www.christin.gr\/wp-content\/uploads\/sites\/347\/2018\/11\/about-thassos-christin-apartments-sandy-beach-1024x683.jpg 1024w, https:\/\/www.christin.gr\/wp-content\/uploads\/sites\/347\/2018\/11\/about-thassos-christin-apartments-sandy-beach-1280x853.jpg 1280w, https:\/\/www.christin.gr\/wp-content\/uploads\/sites\/347\/2018\/11\/about-thassos-christin-apartments-sandy-beach-680x453.jpg 680w, https:\/\/www.christin.gr\/wp-content\/uploads\/sites\/347\/2018\/11\/about-thassos-christin-apartments-sandy-beach-1920x1280.jpg 1920w\" sizes=\"auto, (max-width: 320px) 100vw, 320px\" \/><\/a><\/dt><\/dl><dl class=\"gallery-item\"><dt class=\"gallery-icon\"><a href=\"https:\/\/www.christin.gr\/wp-content\/uploads\/sites\/347\/2018\/11\/about-thassos-christin-apartments-greek-island-1024x683.jpg\"><img loading=\"lazy\" decoding=\"async\" width=\"320\" height=\"213\" src=\"https:\/\/www.christin.gr\/wp-content\/uploads\/sites\/347\/2018\/11\/about-thassos-christin-apartments-greek-island-320x213.jpg\" class=\"attachment-small-mobile size-small-mobile\" alt=\"\" srcset=\"https:\/\/www.christin.gr\/wp-content\/uploads\/sites\/347\/2018\/11\/about-thassos-christin-apartments-greek-island-320x213.jpg 320w, https:\/\/www.christin.gr\/wp-content\/uploads\/sites\/347\/2018\/11\/about-thassos-christin-apartments-greek-island-300x200.jpg 300w, https:\/\/www.christin.gr\/wp-content\/uploads\/sites\/347\/2018\/11\/about-thassos-christin-apartments-greek-island-1024x683.jpg 1024w, https:\/\/www.christin.gr\/wp-content\/uploads\/sites\/347\/2018\/11\/about-thassos-christin-apartments-greek-island-1280x853.jpg 1280w, https:\/\/www.christin.gr\/wp-content\/uploads\/sites\/347\/2018\/11\/about-thassos-christin-apartments-greek-island-680x453.jpg 680w, https:\/\/www.christin.gr\/wp-content\/uploads\/sites\/347\/2018\/11\/about-thassos-christin-apartments-greek-island-1920x1280.jpg 1920w\" sizes=\"auto, (max-width: 320px) 100vw, 320px\" \/><\/a><\/dt><\/dl><dl class=\"gallery-item\"><dt class=\"gallery-icon\"><a href=\"https:\/\/www.christin.gr\/wp-content\/uploads\/sites\/347\/2018\/11\/gallery-christin-apartments-thassos-1024x683.jpg\"><img loading=\"lazy\" decoding=\"async\" width=\"320\" height=\"213\" src=\"https:\/\/www.christin.gr\/wp-content\/uploads\/sites\/347\/2018\/11\/gallery-christin-apartments-thassos-320x213.jpg\" class=\"attachment-small-mobile size-small-mobile\" alt=\"\" srcset=\"https:\/\/www.christin.gr\/wp-content\/uploads\/sites\/347\/2018\/11\/gallery-christin-apartments-thassos-320x213.jpg 320w, https:\/\/www.christin.gr\/wp-content\/uploads\/sites\/347\/2018\/11\/gallery-christin-apartments-thassos-300x200.jpg 300w, https:\/\/www.christin.gr\/wp-content\/uploads\/sites\/347\/2018\/11\/gallery-christin-apartments-thassos-1024x683.jpg 1024w, https:\/\/www.christin.gr\/wp-content\/uploads\/sites\/347\/2018\/11\/gallery-christin-apartments-thassos-1280x853.jpg 1280w, https:\/\/www.christin.gr\/wp-content\/uploads\/sites\/347\/2018\/11\/gallery-christin-apartments-thassos-680x453.jpg 680w, https:\/\/www.christin.gr\/wp-content\/uploads\/sites\/347\/2018\/11\/gallery-christin-apartments-thassos-1920x1280.jpg 1920w\" sizes=\"auto, (max-width: 320px) 100vw, 320px\" \/><\/a><\/dt><\/dl><dl class=\"gallery-item\"><dt class=\"gallery-icon\"><a href=\"https:\/\/www.christin.gr\/wp-content\/uploads\/sites\/347\/2018\/11\/gallery-christin-apartments-thassos-beach-1024x683.jpg\"><img loading=\"lazy\" decoding=\"async\" width=\"320\" height=\"213\" src=\"https:\/\/www.christin.gr\/wp-content\/uploads\/sites\/347\/2018\/11\/gallery-christin-apartments-thassos-beach-320x213.jpg\" class=\"attachment-small-mobile size-small-mobile\" alt=\"\" srcset=\"https:\/\/www.christin.gr\/wp-content\/uploads\/sites\/347\/2018\/11\/gallery-christin-apartments-thassos-beach-320x213.jpg 320w, https:\/\/www.christin.gr\/wp-content\/uploads\/sites\/347\/2018\/11\/gallery-christin-apartments-thassos-beach-300x200.jpg 300w, https:\/\/www.christin.gr\/wp-content\/uploads\/sites\/347\/2018\/11\/gallery-christin-apartments-thassos-beach-1024x683.jpg 1024w, https:\/\/www.christin.gr\/wp-content\/uploads\/sites\/347\/2018\/11\/gallery-christin-apartments-thassos-beach-1280x853.jpg 1280w, https:\/\/www.christin.gr\/wp-content\/uploads\/sites\/347\/2018\/11\/gallery-christin-apartments-thassos-beach-680x453.jpg 680w, https:\/\/www.christin.gr\/wp-content\/uploads\/sites\/347\/2018\/11\/gallery-christin-apartments-thassos-beach-1920x1280.jpg 1920w\" sizes=\"auto, (max-width: 320px) 100vw, 320px\" \/><\/a><\/dt><\/dl><dl class=\"gallery-item\"><dt class=\"gallery-icon\"><a href=\"https:\/\/www.christin.gr\/wp-content\/uploads\/sites\/347\/2018\/11\/gallery-christin-apartments-tripiti-1024x683.jpg\"><img loading=\"lazy\" decoding=\"async\" width=\"320\" height=\"213\" src=\"https:\/\/www.christin.gr\/wp-content\/uploads\/sites\/347\/2018\/11\/gallery-christin-apartments-tripiti-320x213.jpg\" class=\"attachment-small-mobile size-small-mobile\" alt=\"\" srcset=\"https:\/\/www.christin.gr\/wp-content\/uploads\/sites\/347\/2018\/11\/gallery-christin-apartments-tripiti-320x213.jpg 320w, https:\/\/www.christin.gr\/wp-content\/uploads\/sites\/347\/2018\/11\/gallery-christin-apartments-tripiti-300x200.jpg 300w, https:\/\/www.christin.gr\/wp-content\/uploads\/sites\/347\/2018\/11\/gallery-christin-apartments-tripiti-1024x683.jpg 1024w, https:\/\/www.christin.gr\/wp-content\/uploads\/sites\/347\/2018\/11\/gallery-christin-apartments-tripiti-1280x853.jpg 1280w, https:\/\/www.christin.gr\/wp-content\/uploads\/sites\/347\/2018\/11\/gallery-christin-apartments-tripiti-680x453.jpg 680w, https:\/\/www.christin.gr\/wp-content\/uploads\/sites\/347\/2018\/11\/gallery-christin-apartments-tripiti-1920x1280.jpg 1920w\" sizes=\"auto, (max-width: 320px) 100vw, 320px\" \/><\/a><\/dt><\/dl><dl class=\"gallery-item\"><dt class=\"gallery-icon\"><a href=\"https:\/\/www.christin.gr\/wp-content\/uploads\/sites\/347\/2018\/11\/gallery-christin-apartments-tripiti-beach-1024x683.jpg\"><img loading=\"lazy\" decoding=\"async\" width=\"320\" height=\"213\" src=\"https:\/\/www.christin.gr\/wp-content\/uploads\/sites\/347\/2018\/11\/gallery-christin-apartments-tripiti-beach-320x213.jpg\" class=\"attachment-small-mobile size-small-mobile\" alt=\"\" srcset=\"https:\/\/www.christin.gr\/wp-content\/uploads\/sites\/347\/2018\/11\/gallery-christin-apartments-tripiti-beach-320x213.jpg 320w, https:\/\/www.christin.gr\/wp-content\/uploads\/sites\/347\/2018\/11\/gallery-christin-apartments-tripiti-beach-300x200.jpg 300w, https:\/\/www.christin.gr\/wp-content\/uploads\/sites\/347\/2018\/11\/gallery-christin-apartments-tripiti-beach-1024x683.jpg 1024w, https:\/\/www.christin.gr\/wp-content\/uploads\/sites\/347\/2018\/11\/gallery-christin-apartments-tripiti-beach-1280x853.jpg 1280w, https:\/\/www.christin.gr\/wp-content\/uploads\/sites\/347\/2018\/11\/gallery-christin-apartments-tripiti-beach-680x453.jpg 680w, https:\/\/www.christin.gr\/wp-content\/uploads\/sites\/347\/2018\/11\/gallery-christin-apartments-tripiti-beach-1920x1280.jpg 1920w\" sizes=\"auto, (max-width: 320px) 100vw, 320px\" \/><\/a><\/dt><\/dl><\/div><\/p>","protected":false},"excerpt":{"rendered":"<p>Thassos, eine Insel mit reicher nat\u00fcrlichen Sch\u00f6nheit und kosmopolitischen Stil, befindet sich an der n\u00f6rdlichen Seite der \u00c4g\u00e4is. Die gr\u00fcne Landschaft, die exotische Str\u00e4nde, die traditionelle D\u00f6rfer in den Bergen und die sch\u00f6ne Bade\u00f6rte machen Thassos zu einem der beliebtesten Sommerreiseziele in Griechenland.<\/p>\n","protected":false},"author":1,"featured_media":67,"parent":0,"menu_order":0,"comment_status":"closed","ping_status":"closed","template":"page_location.php","meta":{"footnotes":""},"class_list":["post-8","page","type-page","status-publish","has-post-thumbnail","hentry"],"_links":{"self":[{"href":"https:\/\/www.christin.gr\/de\/wp-json\/wp\/v2\/pages\/8","targetHints":{"allow":["GET"]}}],"collection":[{"href":"https:\/\/www.christin.gr\/de\/wp-json\/wp\/v2\/pages"}],"about":[{"href":"https:\/\/www.christin.gr\/de\/wp-json\/wp\/v2\/types\/page"}],"author":[{"embeddable":true,"href":"https:\/\/www.christin.gr\/de\/wp-json\/wp\/v2\/users\/1"}],"replies":[{"embeddable":true,"href":"https:\/\/www.christin.gr\/de\/wp-json\/wp\/v2\/comments?post=8"}],"version-history":[{"count":1,"href":"https:\/\/www.christin.gr\/de\/wp-json\/wp\/v2\/pages\/8\/revisions"}],"predecessor-version":[{"id":76,"href":"https:\/\/www.christin.gr\/de\/wp-json\/wp\/v2\/pages\/8\/revisions\/76"}],"wp:featuredmedia":[{"embeddable":true,"href":"https:\/\/www.christin.gr\/de\/wp-json\/wp\/v2\/media\/67"}],"wp:attachment":[{"href":"https:\/\/www.christin.gr\/de\/wp-json\/wp\/v2\/media?parent=8"}],"curies":[{"name":"wp","href":"https:\/\/api.w.org\/{rel}","templated":true}]}}