{"id":5,"date":"2018-11-26T08:58:56","date_gmt":"2018-11-26T08:58:56","guid":{"rendered":"http:\/\/christinthassos.codibee.solutions\/accommodation\/"},"modified":"2019-01-12T19:14:04","modified_gmt":"2019-01-12T19:14:04","slug":"thassos-apartments","status":"publish","type":"page","link":"https:\/\/www.christin.gr\/de\/thassos-apartments\/","title":{"rendered":"Unterk\u00fcnfte"},"content":{"rendered":"<p><\/p>\n<h2>Unsere Apartments-bungalows teilen sich in zwei Kategorien:<\/h2>\n<p>Die Apartments Type A bestehen aus ein Schlafzimmer mit zwei Betten und ein Wohnzimmer mit zus\u00e4tzlicher Bettkapazit\u00e4t ideal f\u00fcr drei Erwachsene oder zwei Erwachsene und zwei Kinder.<\/p>\n<p>Die Apartments Type B bestehen aus zwei unterschiedlichen R\u00e4ume und eine Wohnzimmer ideal f\u00fcr 4 Personen.<\/p>\n<p>Es gibt Apartments mit Meerblick und einen gro\u00dfen Balkon und andere mit Terrasse und Garten von beiden Type A und B. Alle Apartments haben eine Kleink\u00fcche mit einem K\u00fchlschrank und Kochausr\u00fcstung, Kaffeemaschine, autonome Klimaanlage, Safe, Haartrockner, Fernsehapparat mit deutschen Satellitenprogramm.<\/p>","protected":false},"excerpt":{"rendered":"<p>Unsere Appartments-bungalows unterscheiden in zwei Kategorien. Alle appartments haben Kleinkuche mit Kuhlschrank und Kochausrustung, Kaffeemachinen, autonome klimaanlage Sicherheitskasten, Haartrockner, ferndehapparat deutsches Satellitenprogramm.<\/p>\n","protected":false},"author":1,"featured_media":134,"parent":0,"menu_order":0,"comment_status":"closed","ping_status":"closed","template":"page_rooms.php","meta":{"footnotes":""},"class_list":["post-5","page","type-page","status-publish","has-post-thumbnail","hentry"],"_links":{"self":[{"href":"https:\/\/www.christin.gr\/de\/wp-json\/wp\/v2\/pages\/5","targetHints":{"allow":["GET"]}}],"collection":[{"href":"https:\/\/www.christin.gr\/de\/wp-json\/wp\/v2\/pages"}],"about":[{"href":"https:\/\/www.christin.gr\/de\/wp-json\/wp\/v2\/types\/page"}],"author":[{"embeddable":true,"href":"https:\/\/www.christin.gr\/de\/wp-json\/wp\/v2\/users\/1"}],"replies":[{"embeddable":true,"href":"https:\/\/www.christin.gr\/de\/wp-json\/wp\/v2\/comments?post=5"}],"version-history":[{"count":2,"href":"https:\/\/www.christin.gr\/de\/wp-json\/wp\/v2\/pages\/5\/revisions"}],"predecessor-version":[{"id":183,"href":"https:\/\/www.christin.gr\/de\/wp-json\/wp\/v2\/pages\/5\/revisions\/183"}],"wp:featuredmedia":[{"embeddable":true,"href":"https:\/\/www.christin.gr\/de\/wp-json\/wp\/v2\/media\/134"}],"wp:attachment":[{"href":"https:\/\/www.christin.gr\/de\/wp-json\/wp\/v2\/media?parent=5"}],"curies":[{"name":"wp","href":"https:\/\/api.w.org\/{rel}","templated":true}]}}